{"id":8,"date":"2021-09-24T20:15:16","date_gmt":"2021-09-24T20:15:16","guid":{"rendered":"https:\/\/k22.pl\/?page_id=8"},"modified":"2021-09-24T20:38:07","modified_gmt":"2021-09-24T20:38:07","slug":"strona-glowna","status":"publish","type":"page","link":"https:\/\/k22.pl\/","title":{"rendered":"Strona g\u0142\u00f3wna"},"content":{"rendered":"\n<p>Witamy na naszej stronie. Zach\u0119camy do zapoznania si\u0119 z nasz\u0105 ofert\u0105 i kontaktu z nami.<\/p>\n","protected":false},"excerpt":{"rendered":"<p>Witamy na naszej stronie. Zach\u0119camy do zapoznania si\u0119 z nasz\u0105 ofert\u0105 i kontaktu z nami.<\/p>\n","protected":false},"author":1,"featured_media":0,"parent":0,"menu_order":0,"comment_status":"closed","ping_status":"closed","template":"","meta":{"footnotes":""},"_links":{"self":[{"href":"https:\/\/k22.pl\/index.php?rest_route=\/wp\/v2\/pages\/8"}],"collection":[{"href":"https:\/\/k22.pl\/index.php?rest_route=\/wp\/v2\/pages"}],"about":[{"href":"https:\/\/k22.pl\/index.php?rest_route=\/wp\/v2\/types\/page"}],"author":[{"embeddable":true,"href":"https:\/\/k22.pl\/index.php?rest_route=\/wp\/v2\/users\/1"}],"replies":[{"embeddable":true,"href":"https:\/\/k22.pl\/index.php?rest_route=%2Fwp%2Fv2%2Fcomments&post=8"}],"version-history":[{"count":2,"href":"https:\/\/k22.pl\/index.php?rest_route=\/wp\/v2\/pages\/8\/revisions"}],"predecessor-version":[{"id":40,"href":"https:\/\/k22.pl\/index.php?rest_route=\/wp\/v2\/pages\/8\/revisions\/40"}],"wp:attachment":[{"href":"https:\/\/k22.pl\/index.php?rest_route=%2Fwp%2Fv2%2Fmedia&parent=8"}],"curies":[{"name":"wp","href":"https:\/\/api.w.org\/{rel}","templated":true}]}}