{"id":9,"date":"2021-09-24T20:15:16","date_gmt":"2021-09-24T20:15:16","guid":{"rendered":"https:\/\/k22.pl\/?page_id=9"},"modified":"2021-09-24T20:36:34","modified_gmt":"2021-09-24T20:36:34","slug":"informacje","status":"publish","type":"page","link":"https:\/\/k22.pl\/?page_id=9","title":{"rendered":"Informacje"},"content":{"rendered":"\n<p>Zajmujemy si\u0119 projektowaniem, a tak\u017ce wykonujemy i doradzamy w zakresie instalacji elektrotechnicznych. Je\u017celi rozpoczynasz budow\u0119 domu, b\u0105d\u017a chcia\u0142by\u015b rozbudowa\u0107 istniej\u0105c\u0105 instalacj\u0105 &#8211; ch\u0119tnie pomo\u017cemy.<\/p>\n\n\n\n<p>W pracy nie uznajemy kompromis\u00f3w &#8211; szczeg\u00f3lnie gdy w gr\u0119 wchodzi bezpiecze\u0144stwo.<\/p>\n","protected":false},"excerpt":{"rendered":"<p>Zajmujemy si\u0119 projektowaniem, a tak\u017ce wykonujemy i doradzamy w zakresie instalacji elektrotechnicznych. Je\u017celi rozpoczynasz budow\u0119 domu, b\u0105d\u017a chcia\u0142by\u015b rozbudowa\u0107 istniej\u0105c\u0105 instalacj\u0105 &#8211; ch\u0119tnie pomo\u017cemy. W pracy nie uznajemy kompromis\u00f3w &#8211; szczeg\u00f3lnie gdy w gr\u0119 wchodzi bezpiecze\u0144stwo.<\/p>\n","protected":false},"author":1,"featured_media":35,"parent":0,"menu_order":0,"comment_status":"closed","ping_status":"closed","template":"","meta":{"footnotes":""},"_links":{"self":[{"href":"https:\/\/k22.pl\/index.php?rest_route=\/wp\/v2\/pages\/9"}],"collection":[{"href":"https:\/\/k22.pl\/index.php?rest_route=\/wp\/v2\/pages"}],"about":[{"href":"https:\/\/k22.pl\/index.php?rest_route=\/wp\/v2\/types\/page"}],"author":[{"embeddable":true,"href":"https:\/\/k22.pl\/index.php?rest_route=\/wp\/v2\/users\/1"}],"replies":[{"embeddable":true,"href":"https:\/\/k22.pl\/index.php?rest_route=%2Fwp%2Fv2%2Fcomments&post=9"}],"version-history":[{"count":2,"href":"https:\/\/k22.pl\/index.php?rest_route=\/wp\/v2\/pages\/9\/revisions"}],"predecessor-version":[{"id":39,"href":"https:\/\/k22.pl\/index.php?rest_route=\/wp\/v2\/pages\/9\/revisions\/39"}],"wp:featuredmedia":[{"embeddable":true,"href":"https:\/\/k22.pl\/index.php?rest_route=\/wp\/v2\/media\/35"}],"wp:attachment":[{"href":"https:\/\/k22.pl\/index.php?rest_route=%2Fwp%2Fv2%2Fmedia&parent=9"}],"curies":[{"name":"wp","href":"https:\/\/api.w.org\/{rel}","templated":true}]}}